{"id":26401,"date":"2024-05-05T07:50:47","date_gmt":"2024-05-05T07:50:47","guid":{"rendered":"https:\/\/electricalcabinet.net\/?page_id=26401"},"modified":"2024-05-05T07:54:55","modified_gmt":"2024-05-05T07:54:55","slug":"claires-load-center","status":"publish","type":"page","link":"https:\/\/electricalcabinet.net\/tr\/projects\/claires-load-center\/","title":{"rendered":"Claire'in Y\u00fck Merkezi"},"content":{"rendered":"<div data-elementor-type=\"wp-page\" data-elementor-id=\"26401\" class=\"elementor elementor-26401\" data-elementor-post-type=\"page\">\n\t\t\t\t<div class=\"elementor-element elementor-element-81eabcb wd-section-stretch e-flex e-con-boxed e-con e-parent\" data-id=\"81eabcb\" data-element_type=\"container\" data-e-type=\"container\" data-settings=\"{&quot;background_background&quot;:&quot;classic&quot;}\">\n\t\t\t\t\t<div class=\"e-con-inner\">\n\t\t<div class=\"elementor-element elementor-element-2d1196b e-con-full e-flex e-con e-child\" data-id=\"2d1196b\" data-element_type=\"container\" data-e-type=\"container\">\n\t\t\t\t<div class=\"elementor-element elementor-element-483101c wd-width-100 elementor-widget elementor-widget-wd_title\" data-id=\"483101c\" data-element_type=\"widget\" data-e-type=\"widget\" data-widget_type=\"wd_title.default\">\n\t\t\t\t<div class=\"elementor-widget-container\">\n\t\t\t\t\t\t\t\t<link rel=\"stylesheet\" id=\"wd-section-title-css\" href=\"https:\/\/electricalcabinet.net\/wp-content\/themes\/woodmart\/css\/parts\/el-section-title.min.css?ver=7.5.1\" type=\"text\/css\" media=\"all\" \/> \t\t\t\t\t\t<link rel=\"stylesheet\" id=\"wd-section-title-style-under-and-over-css\" href=\"https:\/\/electricalcabinet.net\/wp-content\/themes\/woodmart\/css\/parts\/el-section-title-style-under-and-over.min.css?ver=7.5.1\" type=\"text\/css\" media=\"all\" \/> \t\t\t\t\t\t<link rel=\"stylesheet\" id=\"wd-mod-highlighted-text-css\" href=\"https:\/\/electricalcabinet.net\/wp-content\/themes\/woodmart\/css\/parts\/mod-highlighted-text.min.css?ver=7.5.1\" type=\"text\/css\" media=\"all\" \/> \t\t\t\t\t<div class=\"title-wrapper set-mb-s reset-last-child wd-title-color-primary wd-title-style-underlined wd-title-size-large text-left\">\n\n\t\t\t\n\t\t\t<div class=\"liner-continer\">\n\t\t\t\t<h1 class=\"woodmart-title-container title wd-fontsize-xxl wd-underline-colored\">Claire'in Y\u00fck Merkezi<\/h1> \n\t\t\t\t\t\t\t<\/div>\n\n\t\t\t\t\t<\/div>\n\t\t\t\t\t\t<\/div>\n\t\t\t\t<\/div>\n\t\t\t\t<\/div>\n\t\t<div class=\"elementor-element elementor-element-9223b7e e-con-full e-flex e-con e-child\" data-id=\"9223b7e\" data-element_type=\"container\" data-e-type=\"container\">\n\t\t\t\t<div class=\"elementor-element elementor-element-b9f980c elementor-widget elementor-widget-wd_image_or_svg\" data-id=\"b9f980c\" data-element_type=\"widget\" data-e-type=\"widget\" data-widget_type=\"wd_image_or_svg.default\">\n\t\t\t\t<div class=\"elementor-widget-container\">\n\t\t\t\t\t\n\t\t<div class=\"wd-image text-center\">\n\t\t\t\t\t\t\t\t<img fetchpriority=\"high\" decoding=\"async\" width=\"649\" height=\"487\" src=\"https:\/\/electricalcabinet.net\/wp-content\/uploads\/2024\/05\/Load-Center-Back.png\" class=\"attachment-full size-full\" alt=\"\" srcset=\"https:\/\/electricalcabinet.net\/wp-content\/uploads\/2024\/05\/Load-Center-Back.png 649w, https:\/\/electricalcabinet.net\/wp-content\/uploads\/2024\/05\/Load-Center-Back-400x300.png 400w, https:\/\/electricalcabinet.net\/wp-content\/uploads\/2024\/05\/Load-Center-Back-430x323.png 430w, https:\/\/electricalcabinet.net\/wp-content\/uploads\/2024\/05\/Load-Center-Back-150x113.png 150w\" sizes=\"(max-width: 649px) 100vw, 649px\" title=\"\">\t\t\t\t\t<\/div>\n\n\t\t\t\t\t\t<\/div>\n\t\t\t\t<\/div>\n\t\t\t\t<\/div>\n\t\t\t\t\t<\/div>\n\t\t\t\t<\/div>\n\t\t<div class=\"elementor-element elementor-element-c0a3e92 e-flex e-con-boxed e-con e-parent\" data-id=\"c0a3e92\" data-element_type=\"container\" data-e-type=\"container\">\n\t\t\t\t\t<div class=\"e-con-inner\">\n\t\t<div class=\"elementor-element elementor-element-509146f e-con-full e-flex e-con e-child\" data-id=\"509146f\" data-element_type=\"container\" data-e-type=\"container\">\n\t\t\t\t<div class=\"elementor-element elementor-element-afc9427 wd-width-100 elementor-widget elementor-widget-wd_title\" data-id=\"afc9427\" data-element_type=\"widget\" data-e-type=\"widget\" data-widget_type=\"wd_title.default\">\n\t\t\t\t<div class=\"elementor-widget-container\">\n\t\t\t\t\t\t\t<div class=\"title-wrapper set-mb-s reset-last-child wd-title-color-primary wd-title-style-underlined wd-title-size-large text-left\">\n\n\t\t\t\n\t\t\t<div class=\"liner-continer\">\n\t\t\t\t<h2 class=\"woodmart-title-container title wd-fontsize-xxl\">Klini\u011fimiz Hakk\u0131nda<\/h2> \n\t\t\t\t\t\t\t<\/div>\n\n\t\t\t\t\t<\/div>\n\t\t\t\t\t\t<\/div>\n\t\t\t\t<\/div>\n\t\t\t\t<div class=\"elementor-element elementor-element-9d556ec elementor-widget elementor-widget-wd_text_block\" data-id=\"9d556ec\" data-element_type=\"widget\" data-e-type=\"widget\" data-widget_type=\"wd_text_block.default\">\n\t\t\t\t<div class=\"elementor-widget-container\">\n\t\t\t\t\t\t\t\t<link rel=\"stylesheet\" id=\"wd-text-block-css\" href=\"https:\/\/electricalcabinet.net\/wp-content\/themes\/woodmart\/css\/parts\/el-text-block.min.css?ver=7.5.1\" type=\"text\/css\" media=\"all\" \/> \t\t\t\t\t<div class=\"wd-text-block reset-last-child text-left\">\n\t\t\t\n\t\t\t<ul><li><p class=\"elementor-heading-title elementor-size-default\" data-immersive-translate-walked=\"84f645c4-2218-42dd-a9f5-d2f629ddf9da\" data-immersive-translate-paragraph=\"1\">Claire'in Y\u00fck Merkezi M\u00fc\u015fterisi Raymond\uff0cElektrik \u00fcr\u00fcn serileri y\u00fck merkezlerini i\u00e7erir,\u00a0<span data-immersive-translate-walked=\"84f645c4-2218-42dd-a9f5-d2f629ddf9da\">kontrol panelleri<\/span>,\u00a0<span data-immersive-translate-walked=\"84f645c4-2218-42dd-a9f5-d2f629ddf9da\">elektri\u0307k dolaplari<\/span>ve benzeri<\/p><\/li><li>Raymond iki y\u00fck merkezine ihtiya\u00e7 duydu ve stil ve tasar\u0131ma dikkat etti. \u00d6rne\u011fin, Raymond muhafazan\u0131n kavisli olmas\u0131n\u0131 ve \u015feffaf akrilik plakalarla kaplanmas\u0131n\u0131 istedi.<span class=\"notranslate immersive-translate-target-wrapper\" lang=\"zh-CN\" data-immersive-translate-translation-element-mark=\"1\"><br \/><\/span><\/li><\/ul>\n\t\t\t\t\t<\/div>\n\t\t\t\t\t\t<\/div>\n\t\t\t\t<\/div>\n\t\t\t\t<div class=\"elementor-element elementor-element-c3ecfd5 wd-width-100 elementor-widget elementor-widget-wd_title\" data-id=\"c3ecfd5\" data-element_type=\"widget\" data-e-type=\"widget\" data-widget_type=\"wd_title.default\">\n\t\t\t\t<div class=\"elementor-widget-container\">\n\t\t\t\t\t\t\t<div class=\"title-wrapper set-mb-s reset-last-child wd-title-color-primary wd-title-style-underlined wd-title-size-large text-left\">\n\n\t\t\t\n\t\t\t<div class=\"liner-continer\">\n\t\t\t\t<h2 class=\"woodmart-title-container title wd-fontsize-xxl\">\u00c7\u00f6z\u00fcm<\/h2> \n\t\t\t\t\t\t\t<\/div>\n\n\t\t\t\t\t\t\t<div class=\"title-after_title set-cont-mb-s reset-last-child wd-fontsize-s\">\n\t\t\t\t\tSorunu y\u00fck merkezi \u00fcretim ekibimizle g\u00f6r\u00fc\u015ft\u00fckten sonra Raymond'un referans\u0131 i\u00e7in iki \u00e7\u00f6z\u00fcm sundular.<span class=\"notranslate immersive-translate-target-wrapper\"><br \/><\/span><ol><li>\u015eeffaf bir akrilik levha kullan\u0131n ve akrilik plakay\u0131 sabitlemek i\u00e7in kutu g\u00f6vdesinde delikler a\u00e7\u0131n<span class=\"notranslate immersive-translate-target-wrapper\"><br \/><\/span><\/li><li>Beyaz akrilik bir tahta kullan\u0131n ve kutunun \u00fczerine yap\u0131\u015ft\u0131r\u0131n<\/li><\/ol><p>Raymond ekibiyle birlikte y\u00fck merkezi \u00fcretim \u00e7\u00f6z\u00fcmlerini tart\u0131\u015ft\u0131. \u0130kinci \u00e7\u00f6z\u00fcm\u00fc se\u00e7ti \u00e7\u00fcnk\u00fc\u00a0<span>IP oran\u0131<\/span>\u00a0ikinci \u00e7\u00f6z\u00fcme g\u00f6re ilkinden daha y\u00fcksektir ve en \u00f6nemlisi, y\u00fck merkezi \u00e7ok daha iyi ve parlak g\u00f6r\u00fcnecektir.<\/p>\t\t\t\t<\/div>\n\t\t\t\t\t<\/div>\n\t\t\t\t\t\t<\/div>\n\t\t\t\t<\/div>\n\t\t\t\t<\/div>\n\t\t<div class=\"elementor-element elementor-element-52629cc e-con-full e-flex e-con e-child\" data-id=\"52629cc\" data-element_type=\"container\" data-e-type=\"container\">\n\t\t\t\t<div class=\"elementor-element elementor-element-f8f2d86 elementor-arrows-position-inside elementor-pagination-position-outside elementor-widget elementor-widget-image-carousel\" data-id=\"f8f2d86\" data-element_type=\"widget\" data-e-type=\"widget\" data-settings=\"{&quot;slides_to_show&quot;:&quot;1&quot;,&quot;navigation&quot;:&quot;both&quot;,&quot;autoplay&quot;:&quot;yes&quot;,&quot;pause_on_hover&quot;:&quot;yes&quot;,&quot;pause_on_interaction&quot;:&quot;yes&quot;,&quot;autoplay_speed&quot;:5000,&quot;infinite&quot;:&quot;yes&quot;,&quot;effect&quot;:&quot;slide&quot;,&quot;speed&quot;:500}\" data-widget_type=\"image-carousel.default\">\n\t\t\t\t<div class=\"elementor-widget-container\">\n\t\t\t\t\t\t\t<div class=\"elementor-image-carousel-wrapper swiper\" role=\"region\" aria-roledescription=\"carousel\" aria-label=\"Resim D\u00f6ng\u00fcs\u00fc\" dir=\"ltr\" data-no-translation-aria-label=\"\">\n\t\t\t<div class=\"elementor-image-carousel swiper-wrapper\" aria-live=\"off\">\n\t\t\t\t\t\t\t\t<div class=\"swiper-slide\" role=\"group\" aria-roledescription=\"slide\" aria-label=\"1 \/ 2\" data-no-translation-aria-label=\"\"><figure class=\"swiper-slide-inner\"><img decoding=\"async\" class=\"swiper-slide-image\" src=\"https:\/\/electricalcabinet.net\/wp-content\/uploads\/2024\/05\/Load-Center.png\" alt=\"Y\u00fck Merkezi\" title=\"\"><\/figure><\/div><div class=\"swiper-slide\" role=\"group\" aria-roledescription=\"slide\" aria-label=\"2 \/ 2\" data-no-translation-aria-label=\"\"><figure class=\"swiper-slide-inner\"><img decoding=\"async\" class=\"swiper-slide-image\" src=\"https:\/\/electricalcabinet.net\/wp-content\/uploads\/2024\/05\/Load-Center-Back.png\" alt=\"Y\u00fck Merkezi-Arka\" title=\"\"><\/figure><\/div>\t\t\t<\/div>\n\t\t\t\t\t\t\t\t\t\t\t\t<div class=\"elementor-swiper-button elementor-swiper-button-prev\" role=\"button\" tabindex=\"0\">\n\t\t\t\t\t\t<svg aria-hidden=\"true\" class=\"e-font-icon-svg e-eicon-chevron-left\" viewbox=\"0 0 1000 1000\" xmlns=\"http:\/\/www.w3.org\/2000\/svg\"><path d=\"M646 125C629 125 613 133 604 142L308 442C296 454 292 471 292 487 292 504 296 521 308 533L604 854C617 867 629 875 646 875 663 875 679 871 692 858 704 846 713 829 713 812 713 796 708 779 692 767L438 487 692 225C700 217 708 204 708 187 708 171 704 154 692 142 675 129 663 125 646 125Z\"><\/path><\/svg>\t\t\t\t\t<\/div>\n\t\t\t\t\t<div class=\"elementor-swiper-button elementor-swiper-button-next\" role=\"button\" tabindex=\"0\">\n\t\t\t\t\t\t<svg aria-hidden=\"true\" class=\"e-font-icon-svg e-eicon-chevron-right\" viewbox=\"0 0 1000 1000\" xmlns=\"http:\/\/www.w3.org\/2000\/svg\"><path d=\"M696 533C708 521 713 504 713 487 713 471 708 454 696 446L400 146C388 133 375 125 354 125 338 125 325 129 313 142 300 154 292 171 292 187 292 204 296 221 308 233L563 492 304 771C292 783 288 800 288 817 288 833 296 850 308 863 321 871 338 875 354 875 371 875 388 867 400 854L696 533Z\"><\/path><\/svg>\t\t\t\t\t<\/div>\n\t\t\t\t\n\t\t\t\t\t\t\t\t\t<div class=\"swiper-pagination\"><\/div>\n\t\t\t\t\t\t\t\t\t<\/div>\n\t\t\t\t\t\t<\/div>\n\t\t\t\t<\/div>\n\t\t\t\t<\/div>\n\t\t\t\t\t<\/div>\n\t\t\t\t<\/div>\n\t\t\t\t<\/div>","protected":false},"excerpt":{"rendered":"<p>Claire\u2019s Load Center About Our Clinet Claire\u2019s Load Center Customer Raymond\uff0cTheir electrical product line includes load centers,\u00a0control panels,\u00a0electrical cabinets, and<\/p>","protected":false},"author":1,"featured_media":0,"parent":25832,"menu_order":0,"comment_status":"closed","ping_status":"closed","template":"","meta":{"footnotes":""},"class_list":["post-26401","page","type-page","status-publish","hentry"],"jetpack_sharing_enabled":true,"_links":{"self":[{"href":"https:\/\/electricalcabinet.net\/tr\/wp-json\/wp\/v2\/pages\/26401","targetHints":{"allow":["GET"]}}],"collection":[{"href":"https:\/\/electricalcabinet.net\/tr\/wp-json\/wp\/v2\/pages"}],"about":[{"href":"https:\/\/electricalcabinet.net\/tr\/wp-json\/wp\/v2\/types\/page"}],"author":[{"embeddable":true,"href":"https:\/\/electricalcabinet.net\/tr\/wp-json\/wp\/v2\/users\/1"}],"replies":[{"embeddable":true,"href":"https:\/\/electricalcabinet.net\/tr\/wp-json\/wp\/v2\/comments?post=26401"}],"version-history":[{"count":4,"href":"https:\/\/electricalcabinet.net\/tr\/wp-json\/wp\/v2\/pages\/26401\/revisions"}],"predecessor-version":[{"id":26412,"href":"https:\/\/electricalcabinet.net\/tr\/wp-json\/wp\/v2\/pages\/26401\/revisions\/26412"}],"up":[{"embeddable":true,"href":"https:\/\/electricalcabinet.net\/tr\/wp-json\/wp\/v2\/pages\/25832"}],"wp:attachment":[{"href":"https:\/\/electricalcabinet.net\/tr\/wp-json\/wp\/v2\/media?parent=26401"}],"curies":[{"name":"wp","href":"https:\/\/api.w.org\/{rel}","templated":true}]}}