{"id":28141,"date":"2024-05-20T07:49:38","date_gmt":"2024-05-20T07:49:38","guid":{"rendered":"https:\/\/electricalcabinet.net\/?page_id=28141"},"modified":"2024-05-20T09:11:40","modified_gmt":"2024-05-20T09:11:40","slug":"aerospace","status":"publish","type":"page","link":"https:\/\/electricalcabinet.net\/pt\/industries\/aerospace\/","title":{"rendered":"Aeroespacial"},"content":{"rendered":"<div data-elementor-type=\"wp-page\" data-elementor-id=\"28141\" class=\"elementor elementor-28141\" data-elementor-post-type=\"page\">\n\t\t\t\t<div class=\"elementor-element elementor-element-5f0913a9 wd-section-stretch e-flex e-con-boxed e-con e-parent\" data-id=\"5f0913a9\" data-element_type=\"container\" data-e-type=\"container\" data-settings=\"{&quot;background_background&quot;:&quot;classic&quot;}\">\n\t\t\t\t\t<div class=\"e-con-inner\">\n\t\t\t\t<div class=\"elementor-element elementor-element-2b8a7bd1 wd-width-100 elementor-widget elementor-widget-wd_title\" data-id=\"2b8a7bd1\" data-element_type=\"widget\" data-e-type=\"widget\" data-widget_type=\"wd_title.default\">\n\t\t\t\t<div class=\"elementor-widget-container\">\n\t\t\t\t\t\t\t\t<link rel=\"stylesheet\" id=\"wd-section-title-css\" href=\"https:\/\/electricalcabinet.net\/wp-content\/themes\/woodmart\/css\/parts\/el-section-title.min.css?ver=7.5.1\" type=\"text\/css\" media=\"all\" \/> \t\t\t\t\t\t<link rel=\"stylesheet\" id=\"wd-section-title-style-under-and-over-css\" href=\"https:\/\/electricalcabinet.net\/wp-content\/themes\/woodmart\/css\/parts\/el-section-title-style-under-and-over.min.css?ver=7.5.1\" type=\"text\/css\" media=\"all\" \/> \t\t\t\t\t\t<link rel=\"stylesheet\" id=\"wd-mod-highlighted-text-css\" href=\"https:\/\/electricalcabinet.net\/wp-content\/themes\/woodmart\/css\/parts\/mod-highlighted-text.min.css?ver=7.5.1\" type=\"text\/css\" media=\"all\" \/> \t\t\t\t\t<div class=\"title-wrapper set-mb-s reset-last-child wd-title-color-primary wd-title-style-underlined wd-title-size-large text-center\">\n\n\t\t\t\t\t\t\t<div class=\"title-subtitle subtitle-color-primary subtitle-style-default wd-fontsize-xs\">\n\t\t\t\t\tInd\u00fastrias\t\t\t\t<\/div>\n\t\t\t\n\t\t\t<div class=\"liner-continer\">\n\t\t\t\t<h1 class=\"woodmart-title-container title wd-fontsize-xxl wd-underline-colored\">Aeroespacial<\/h1> \n\t\t\t\t\t\t\t<\/div>\n\n\t\t\t\t\t<\/div>\n\t\t\t\t\t\t<\/div>\n\t\t\t\t<\/div>\n\t\t\t\t<div class=\"elementor-element elementor-element-7e9b2517 elementor-widget elementor-widget-wd_text_block\" data-id=\"7e9b2517\" data-element_type=\"widget\" data-e-type=\"widget\" data-widget_type=\"wd_text_block.default\">\n\t\t\t\t<div class=\"elementor-widget-container\">\n\t\t\t\t\t\t\t\t<link rel=\"stylesheet\" id=\"wd-text-block-css\" href=\"https:\/\/electricalcabinet.net\/wp-content\/themes\/woodmart\/css\/parts\/el-text-block.min.css?ver=7.5.1\" type=\"text\/css\" media=\"all\" \/> \t\t\t\t\t<div class=\"wd-text-block reset-last-child text-center\">\n\t\t\t\n\t\t\t\n\t\t\t\t\t<\/div>\n\t\t\t\t\t\t<\/div>\n\t\t\t\t<\/div>\n\t\t\t\t\t<\/div>\n\t\t\t\t<\/div>\n\t\t<div class=\"elementor-element elementor-element-57fb8b3e e-flex e-con-boxed e-con e-parent\" data-id=\"57fb8b3e\" data-element_type=\"container\" data-e-type=\"container\">\n\t\t\t\t\t<div class=\"e-con-inner\">\n\t\t<div class=\"elementor-element elementor-element-298ce65 e-con-full e-flex e-con e-child\" data-id=\"298ce65\" data-element_type=\"container\" data-e-type=\"container\">\n\t\t\t\t<div class=\"elementor-element elementor-element-4f461fb9 elementor-arrows-position-inside elementor-widget elementor-widget-image-carousel\" data-id=\"4f461fb9\" data-element_type=\"widget\" data-e-type=\"widget\" data-settings=\"{&quot;slides_to_show&quot;:&quot;1&quot;,&quot;navigation&quot;:&quot;arrows&quot;,&quot;autoplay&quot;:&quot;yes&quot;,&quot;pause_on_hover&quot;:&quot;yes&quot;,&quot;pause_on_interaction&quot;:&quot;yes&quot;,&quot;autoplay_speed&quot;:5000,&quot;infinite&quot;:&quot;yes&quot;,&quot;effect&quot;:&quot;slide&quot;,&quot;speed&quot;:500}\" data-widget_type=\"image-carousel.default\">\n\t\t\t\t<div class=\"elementor-widget-container\">\n\t\t\t\t\t\t\t<div class=\"elementor-image-carousel-wrapper swiper\" role=\"region\" aria-roledescription=\"carousel\" aria-label=\"\u753b\u50cf\u30ab\u30eb\u30fc\u30bb\u30eb\" dir=\"ltr\" data-no-translation-aria-label=\"\">\n\t\t\t<div class=\"elementor-image-carousel swiper-wrapper\" aria-live=\"off\">\n\t\t\t\t\t\t\t\t<div class=\"swiper-slide\" role=\"group\" aria-roledescription=\"slide\" aria-label=\"1\u306e1\" data-no-translation-aria-label=\"\"><figure class=\"swiper-slide-inner\"><img decoding=\"async\" class=\"swiper-slide-image\" src=\"https:\/\/electricalcabinet.net\/wp-content\/uploads\/2024\/05\/3.png\" alt=\"3\" title=\"\"><\/figure><\/div>\t\t\t<\/div>\n\t\t\t\t\t<\/div>\n\t\t\t\t\t\t<\/div>\n\t\t\t\t<\/div>\n\t\t\t\t<\/div>\n\t\t<div class=\"elementor-element elementor-element-1e04dd19 e-con-full e-flex e-con e-child\" data-id=\"1e04dd19\" data-element_type=\"container\" data-e-type=\"container\">\n\t\t\t\t\t<link rel=\"stylesheet\" id=\"wd-mod-animations-keyframes-css\" href=\"https:\/\/electricalcabinet.net\/wp-content\/themes\/woodmart\/css\/parts\/mod-animations-keyframes.min.css?ver=7.5.1\" type=\"text\/css\" media=\"all\" \/> \t\t\t\t\t<div class=\"elementor-element elementor-element-2c8b988d animated-fast wd-width-100 elementor-invisible elementor-widget elementor-widget-wd_title\" data-id=\"2c8b988d\" data-element_type=\"widget\" data-e-type=\"widget\" data-settings=\"{&quot;_animation&quot;:&quot;wd-anim-slide-from-bottom&quot;}\" data-widget_type=\"wd_title.default\">\n\t\t\t\t<div class=\"elementor-widget-container\">\n\t\t\t\t\t\t\t<div class=\"title-wrapper set-mb-s reset-last-child wd-title-color-primary wd-title-style-underlined wd-title-size-large text-left\">\n\n\t\t\t\n\t\t\t<div class=\"liner-continer\">\n\t\t\t\t<h2 class=\"woodmart-title-container title wd-fontsize-xxl wd-underline-colored\">Os controlos aeroespaciais t\u00eam um objetivo mais elevado<\/h2> \n\t\t\t\t\t\t\t<\/div>\n\n\t\t\t\t\t\t\t<div class=\"title-after_title set-cont-mb-s reset-last-child wd-fontsize-s\">\n\t\t\t\t\t<p>A ElectricalCabinet \u00e9 especializada na produ\u00e7\u00e3o de caixas e sistemas el\u00e9ctricos especializados para a ind\u00fastria aeroespacial. Os nossos engenheiros, t\u00e9cnicos e pessoal de apoio especializados dedicam-se a fornecer aos nossos clientes sistemas aeroespaciais de alta qualidade que se adaptam aos seus requisitos exclusivos. <br \/><br \/>ElectricalCabinet utiliza exclusivamente componentes e materiais de alta qualidade na montagem das nossas caixas e sistemas el\u00e9ctricos. Colaboramos estreitamente com os nossos clientes para garantir que todos os crit\u00e9rios s\u00e3o satisfeitos e que o produto final satisfaz as suas necessidades espec\u00edficas.<\/p>\t\t\t\t<\/div>\n\t\t\t\t\t<\/div>\n\t\t\t\t\t\t<\/div>\n\t\t\t\t<\/div>\n\t\t\t\t<div class=\"elementor-element elementor-element-4f49d00d elementor-align-left elementor-mobile-align-center elementor-widget elementor-widget-button\" data-id=\"4f49d00d\" data-element_type=\"widget\" data-e-type=\"widget\" data-widget_type=\"button.default\">\n\t\t\t\t<div class=\"elementor-widget-container\">\n\t\t\t\t\t\t\t\t\t<div class=\"elementor-button-wrapper\">\n\t\t\t\t\t<a class=\"elementor-button elementor-button-link elementor-size-sm\" href=\"#elementor-action:action=popup:open&settings=eyJpZCI6IjI2NzE4IiwidG9nZ2xlIjpmYWxzZX0=\">\n\t\t\t\t\t\t<span class=\"elementor-button-content-wrapper\">\n\t\t\t\t\t\t\t\t\t<span class=\"elementor-button-text\">Contacte-nos para mais informa\u00e7\u00f5es<\/span>\n\t\t\t\t\t<\/span>\n\t\t\t\t\t<\/a>\n\t\t\t\t<\/div>\n\t\t\t\t\t\t\t\t<\/div>\n\t\t\t\t<\/div>\n\t\t\t\t<\/div>\n\t\t\t\t\t<\/div>\n\t\t\t\t<\/div>\n\t\t<div class=\"elementor-element elementor-element-66923e2e e-flex e-con-boxed e-con e-parent\" data-id=\"66923e2e\" data-element_type=\"container\" data-e-type=\"container\">\n\t\t\t\t\t<div class=\"e-con-inner\">\n\t\t<div class=\"elementor-element elementor-element-7f5c9789 e-con-full e-flex e-con e-child\" data-id=\"7f5c9789\" data-element_type=\"container\" data-e-type=\"container\">\n\t\t\t\t<div class=\"elementor-element elementor-element-6e5ffc7d animated-fast wd-width-100 elementor-invisible elementor-widget elementor-widget-wd_title\" data-id=\"6e5ffc7d\" data-element_type=\"widget\" data-e-type=\"widget\" data-settings=\"{&quot;_animation&quot;:&quot;wd-anim-slide-from-bottom&quot;}\" data-widget_type=\"wd_title.default\">\n\t\t\t\t<div class=\"elementor-widget-container\">\n\t\t\t\t\t\t\t<div class=\"title-wrapper set-mb-s reset-last-child wd-title-color-primary wd-title-style-underlined wd-title-size-large text-left\">\n\n\t\t\t\n\t\t\t<div class=\"liner-continer\">\n\t\t\t\t<h2 class=\"woodmart-title-container title wd-fontsize-xxl wd-underline-colored\">Aplica\u00e7\u00f5es de sistemas personalizados<br \/>\n<\/h2> \n\t\t\t\t\t\t\t<\/div>\n\n\t\t\t\t\t\t\t<div class=\"title-after_title set-cont-mb-s reset-last-child wd-fontsize-s\">\n\t\t\t\t\t<p>A funcionalidade aeroespacial \u00e9 de alto risco e complexa. Os controlos s\u00e3o o aspeto mais importante para garantir a fiabilidade e a responsabilidade. Os nossos pain\u00e9is e sistemas de controlo s\u00e3o utilizados numa vasta gama de aplica\u00e7\u00f5es aeroespaciais, incluindo:<\/p><ul><li>Controlo do tr\u00e1fego a\u00e9reo<\/li><li>Avi\u00f3nica<\/li><li>Comunica\u00e7\u00e3o<\/li><li>Controlo do motor<\/li><li>Controlo ambiental<\/li><li>Controlo de voo<\/li><li>Apoio terrestre<\/li><li>Ve\u00edculos de lan\u00e7amento<\/li><li>Medi\u00e7\u00e3o e ensaio<\/li><\/ul><ul><li>Controlo<\/li><li>Navega\u00e7\u00e3o<\/li><li>Gest\u00e3o de energia<\/li><li>Sistemas de seguran\u00e7a<\/li><li>Comunica\u00e7\u00e3o por sat\u00e9lite<\/li><li>Orienta\u00e7\u00e3o de ve\u00edculos espaciais<\/li><li>Telemetria<\/li><\/ul>\t\t\t\t<\/div>\n\t\t\t\t\t<\/div>\n\t\t\t\t\t\t<\/div>\n\t\t\t\t<\/div>\n\t\t\t\t<\/div>\n\t\t<div class=\"elementor-element elementor-element-7c272550 e-con-full e-flex e-con e-child\" data-id=\"7c272550\" data-element_type=\"container\" data-e-type=\"container\">\n\t\t\t\t<div class=\"elementor-element elementor-element-55cabdfa elementor-arrows-position-inside elementor-widget elementor-widget-image-carousel\" data-id=\"55cabdfa\" data-element_type=\"widget\" data-e-type=\"widget\" data-settings=\"{&quot;slides_to_show&quot;:&quot;1&quot;,&quot;navigation&quot;:&quot;arrows&quot;,&quot;autoplay&quot;:&quot;yes&quot;,&quot;pause_on_hover&quot;:&quot;yes&quot;,&quot;pause_on_interaction&quot;:&quot;yes&quot;,&quot;autoplay_speed&quot;:5000,&quot;infinite&quot;:&quot;yes&quot;,&quot;effect&quot;:&quot;slide&quot;,&quot;speed&quot;:500}\" data-widget_type=\"image-carousel.default\">\n\t\t\t\t<div class=\"elementor-widget-container\">\n\t\t\t\t\t\t\t<div class=\"elementor-image-carousel-wrapper swiper\" role=\"region\" aria-roledescription=\"carousel\" aria-label=\"\u753b\u50cf\u30ab\u30eb\u30fc\u30bb\u30eb\" dir=\"ltr\" data-no-translation-aria-label=\"\">\n\t\t\t<div class=\"elementor-image-carousel swiper-wrapper\" aria-live=\"off\">\n\t\t\t\t\t\t\t\t<div class=\"swiper-slide\" role=\"group\" aria-roledescription=\"slide\" aria-label=\"1\u306e1\" data-no-translation-aria-label=\"\"><figure class=\"swiper-slide-inner\"><img decoding=\"async\" class=\"swiper-slide-image\" src=\"https:\/\/electricalcabinet.net\/wp-content\/uploads\/2024\/05\/2.png\" alt=\"2\" title=\"\"><\/figure><\/div>\t\t\t<\/div>\n\t\t\t\t\t<\/div>\n\t\t\t\t\t\t<\/div>\n\t\t\t\t<\/div>\n\t\t\t\t<\/div>\n\t\t\t\t\t<\/div>\n\t\t\t\t<\/div>\n\t\t\t\t<\/div>","protected":false},"excerpt":{"rendered":"<p>Industries Aerospace Aerospace Controls Aim Higher ElectricalCabinet specializes in producing specialized electrical enclosures and systems for the aerospace industry. Our<\/p>","protected":false},"author":1,"featured_media":0,"parent":27449,"menu_order":0,"comment_status":"closed","ping_status":"closed","template":"","meta":{"footnotes":""},"class_list":["post-28141","page","type-page","status-publish","hentry"],"jetpack_sharing_enabled":true,"_links":{"self":[{"href":"https:\/\/electricalcabinet.net\/pt\/wp-json\/wp\/v2\/pages\/28141","targetHints":{"allow":["GET"]}}],"collection":[{"href":"https:\/\/electricalcabinet.net\/pt\/wp-json\/wp\/v2\/pages"}],"about":[{"href":"https:\/\/electricalcabinet.net\/pt\/wp-json\/wp\/v2\/types\/page"}],"author":[{"embeddable":true,"href":"https:\/\/electricalcabinet.net\/pt\/wp-json\/wp\/v2\/users\/1"}],"replies":[{"embeddable":true,"href":"https:\/\/electricalcabinet.net\/pt\/wp-json\/wp\/v2\/comments?post=28141"}],"version-history":[{"count":10,"href":"https:\/\/electricalcabinet.net\/pt\/wp-json\/wp\/v2\/pages\/28141\/revisions"}],"predecessor-version":[{"id":28175,"href":"https:\/\/electricalcabinet.net\/pt\/wp-json\/wp\/v2\/pages\/28141\/revisions\/28175"}],"up":[{"embeddable":true,"href":"https:\/\/electricalcabinet.net\/pt\/wp-json\/wp\/v2\/pages\/27449"}],"wp:attachment":[{"href":"https:\/\/electricalcabinet.net\/pt\/wp-json\/wp\/v2\/media?parent=28141"}],"curies":[{"name":"wp","href":"https:\/\/api.w.org\/{rel}","templated":true}]}}