{"id":25901,"date":"2024-04-27T13:05:04","date_gmt":"2024-04-27T13:05:04","guid":{"rendered":"https:\/\/electricalcabinet.net\/?page_id=25901"},"modified":"2024-04-27T13:11:33","modified_gmt":"2024-04-27T13:11:33","slug":"rst-pellet","status":"publish","type":"page","link":"https:\/\/electricalcabinet.net\/pt\/projects\/rst-pellet\/","title":{"rendered":"RST Pellet\u200b"},"content":{"rendered":"<div data-elementor-type=\"wp-page\" data-elementor-id=\"25901\" class=\"elementor elementor-25901\" data-elementor-post-type=\"page\">\n\t\t\t\t<div class=\"elementor-element elementor-element-d138495 wd-section-stretch e-flex e-con-boxed e-con e-parent\" data-id=\"d138495\" data-element_type=\"container\" data-e-type=\"container\" data-settings=\"{&quot;background_background&quot;:&quot;classic&quot;}\">\n\t\t\t\t\t<div class=\"e-con-inner\">\n\t\t<div class=\"elementor-element elementor-element-bafa7ae e-con-full e-flex e-con e-child\" data-id=\"bafa7ae\" data-element_type=\"container\" data-e-type=\"container\">\n\t\t\t\t<div class=\"elementor-element elementor-element-b099efb wd-width-100 elementor-widget elementor-widget-wd_title\" data-id=\"b099efb\" data-element_type=\"widget\" data-e-type=\"widget\" data-widget_type=\"wd_title.default\">\n\t\t\t\t<div class=\"elementor-widget-container\">\n\t\t\t\t\t\t\t\t<link rel=\"stylesheet\" id=\"wd-section-title-css\" href=\"https:\/\/electricalcabinet.net\/wp-content\/themes\/woodmart\/css\/parts\/el-section-title.min.css?ver=7.5.1\" type=\"text\/css\" media=\"all\" \/> \t\t\t\t\t\t<link rel=\"stylesheet\" id=\"wd-section-title-style-under-and-over-css\" href=\"https:\/\/electricalcabinet.net\/wp-content\/themes\/woodmart\/css\/parts\/el-section-title-style-under-and-over.min.css?ver=7.5.1\" type=\"text\/css\" media=\"all\" \/> \t\t\t\t\t\t<link rel=\"stylesheet\" id=\"wd-mod-highlighted-text-css\" href=\"https:\/\/electricalcabinet.net\/wp-content\/themes\/woodmart\/css\/parts\/mod-highlighted-text.min.css?ver=7.5.1\" type=\"text\/css\" media=\"all\" \/> \t\t\t\t\t<div class=\"title-wrapper set-mb-s reset-last-child wd-title-color-primary wd-title-style-underlined wd-title-size-large text-left\">\n\n\t\t\t\n\t\t\t<div class=\"liner-continer\">\n\t\t\t\t<h1 class=\"woodmart-title-container title wd-fontsize-xxl wd-underline-colored\">RST Pellet<br \/>\n<\/h1> \n\t\t\t\t\t\t\t<\/div>\n\n\t\t\t\t\t<\/div>\n\t\t\t\t\t\t<\/div>\n\t\t\t\t<\/div>\n\t\t\t\t<\/div>\n\t\t<div class=\"elementor-element elementor-element-d6ee61b e-con-full e-flex e-con e-child\" data-id=\"d6ee61b\" data-element_type=\"container\" data-e-type=\"container\">\n\t\t\t\t<div class=\"elementor-element elementor-element-da2f297 elementor-widget elementor-widget-wd_image_or_svg\" data-id=\"da2f297\" data-element_type=\"widget\" data-e-type=\"widget\" data-widget_type=\"wd_image_or_svg.default\">\n\t\t\t\t<div class=\"elementor-widget-container\">\n\t\t\t\t\t\n\t\t<div class=\"wd-image text-center\">\n\t\t\t\t\t\t\t\t<img fetchpriority=\"high\" decoding=\"async\" width=\"960\" height=\"720\" src=\"https:\/\/electricalcabinet.net\/wp-content\/uploads\/2024\/04\/rst-pellet-home-960x720-1.png\" class=\"attachment-full size-full\" alt=\"RST Pellet\" srcset=\"https:\/\/electricalcabinet.net\/wp-content\/uploads\/2024\/04\/rst-pellet-home-960x720-1.png 960w, https:\/\/electricalcabinet.net\/wp-content\/uploads\/2024\/04\/rst-pellet-home-960x720-1-400x300.png 400w, https:\/\/electricalcabinet.net\/wp-content\/uploads\/2024\/04\/rst-pellet-home-960x720-1-768x576.png 768w, https:\/\/electricalcabinet.net\/wp-content\/uploads\/2024\/04\/rst-pellet-home-960x720-1-860x645.png 860w, https:\/\/electricalcabinet.net\/wp-content\/uploads\/2024\/04\/rst-pellet-home-960x720-1-430x323.png 430w, https:\/\/electricalcabinet.net\/wp-content\/uploads\/2024\/04\/rst-pellet-home-960x720-1-700x525.png 700w, https:\/\/electricalcabinet.net\/wp-content\/uploads\/2024\/04\/rst-pellet-home-960x720-1-150x113.png 150w\" sizes=\"(max-width: 960px) 100vw, 960px\" title=\"\">\t\t\t\t\t<\/div>\n\n\t\t\t\t\t\t<\/div>\n\t\t\t\t<\/div>\n\t\t\t\t<\/div>\n\t\t\t\t\t<\/div>\n\t\t\t\t<\/div>\n\t\t<div class=\"elementor-element elementor-element-9dcf574 e-flex e-con-boxed e-con e-parent\" data-id=\"9dcf574\" data-element_type=\"container\" data-e-type=\"container\">\n\t\t\t\t\t<div class=\"e-con-inner\">\n\t\t<div class=\"elementor-element elementor-element-97e48fd e-con-full e-flex e-con e-child\" data-id=\"97e48fd\" data-element_type=\"container\" data-e-type=\"container\">\n\t\t\t\t<div class=\"elementor-element elementor-element-f596a3f wd-width-100 elementor-widget elementor-widget-wd_title\" data-id=\"f596a3f\" data-element_type=\"widget\" data-e-type=\"widget\" data-widget_type=\"wd_title.default\">\n\t\t\t\t<div class=\"elementor-widget-container\">\n\t\t\t\t\t\t\t<div class=\"title-wrapper set-mb-s reset-last-child wd-title-color-primary wd-title-style-underlined wd-title-size-large text-left\">\n\n\t\t\t\n\t\t\t<div class=\"liner-continer\">\n\t\t\t\t<h2 class=\"woodmart-title-container title wd-fontsize-xxl\">Our Scope Of Work Required<\/h2> \n\t\t\t\t\t\t\t<\/div>\n\n\t\t\t\t\t<\/div>\n\t\t\t\t\t\t<\/div>\n\t\t\t\t<\/div>\n\t\t\t\t<div class=\"elementor-element elementor-element-c9f3f15 elementor-widget elementor-widget-wd_text_block\" data-id=\"c9f3f15\" data-element_type=\"widget\" data-e-type=\"widget\" data-widget_type=\"wd_text_block.default\">\n\t\t\t\t<div class=\"elementor-widget-container\">\n\t\t\t\t\t\t\t\t<link rel=\"stylesheet\" id=\"wd-text-block-css\" href=\"https:\/\/electricalcabinet.net\/wp-content\/themes\/woodmart\/css\/parts\/el-text-block.min.css?ver=7.5.1\" type=\"text\/css\" media=\"all\" \/> \t\t\t\t\t<div class=\"wd-text-block reset-last-child text-left\">\n\t\t\t\n\t\t\t<ul><li>Plan cable routing and installation of cable trays<\/li><li>Power and signal cables routing<\/li><li>The electrical connection of all electrical cabinets and junction boxes<\/li><li>Design, installation, and commissioning of the electrical cabinet for pipe heating<\/li><li>Design, installation, and commissioning of emergency generator control cabinet<\/li><\/ul>\n\t\t\t\t\t<\/div>\n\t\t\t\t\t\t<\/div>\n\t\t\t\t<\/div>\n\t\t\t\t<\/div>\n\t\t<div class=\"elementor-element elementor-element-7990ca8 e-con-full e-flex e-con e-child\" data-id=\"7990ca8\" data-element_type=\"container\" data-e-type=\"container\">\n\t\t\t\t<div class=\"elementor-element elementor-element-ad9c2c3 elementor-arrows-position-inside elementor-pagination-position-outside elementor-widget elementor-widget-image-carousel\" data-id=\"ad9c2c3\" data-element_type=\"widget\" data-e-type=\"widget\" data-settings=\"{&quot;slides_to_show&quot;:&quot;1&quot;,&quot;navigation&quot;:&quot;both&quot;,&quot;autoplay&quot;:&quot;yes&quot;,&quot;pause_on_hover&quot;:&quot;yes&quot;,&quot;pause_on_interaction&quot;:&quot;yes&quot;,&quot;autoplay_speed&quot;:5000,&quot;infinite&quot;:&quot;yes&quot;,&quot;effect&quot;:&quot;slide&quot;,&quot;speed&quot;:500}\" data-widget_type=\"image-carousel.default\">\n\t\t\t\t<div class=\"elementor-widget-container\">\n\t\t\t\t\t\t\t<div class=\"elementor-image-carousel-wrapper swiper\" role=\"region\" aria-roledescription=\"carousel\" aria-label=\"Resim D\u00f6ng\u00fcs\u00fc\" dir=\"ltr\" data-no-translation-aria-label=\"\">\n\t\t\t<div class=\"elementor-image-carousel swiper-wrapper\" aria-live=\"off\">\n\t\t\t\t\t\t\t\t<div class=\"swiper-slide\" role=\"group\" aria-roledescription=\"slide\" aria-label=\"1 \/ 4\" data-no-translation-aria-label=\"\"><figure class=\"swiper-slide-inner\"><img decoding=\"async\" class=\"swiper-slide-image\" src=\"https:\/\/electricalcabinet.net\/wp-content\/uploads\/2024\/04\/rst-pellet-electrical-switchboard-1.jpg\" alt=\"rst pellet electrical switchboard (1)\" title=\"\"><\/figure><\/div><div class=\"swiper-slide\" role=\"group\" aria-roledescription=\"slide\" aria-label=\"2 \/ 4\" data-no-translation-aria-label=\"\"><figure class=\"swiper-slide-inner\"><img decoding=\"async\" class=\"swiper-slide-image\" src=\"https:\/\/electricalcabinet.net\/wp-content\/uploads\/2024\/04\/rst-pellet-electrical-switchboard.jpg\" alt=\"rst pellet electrical switchboard\" title=\"\"><\/figure><\/div><div class=\"swiper-slide\" role=\"group\" aria-roledescription=\"slide\" aria-label=\"3 \/ 4\" data-no-translation-aria-label=\"\"><figure class=\"swiper-slide-inner\"><img decoding=\"async\" class=\"swiper-slide-image\" src=\"https:\/\/electricalcabinet.net\/wp-content\/uploads\/2024\/04\/rst_pellet_junction_box_2-996x860-1.jpg\" alt=\"rst_pellet_junction_box_2-996x860\" title=\"\"><\/figure><\/div><div class=\"swiper-slide\" role=\"group\" aria-roledescription=\"slide\" aria-label=\"4 \/ 4\" data-no-translation-aria-label=\"\"><figure class=\"swiper-slide-inner\"><img decoding=\"async\" class=\"swiper-slide-image\" src=\"https:\/\/electricalcabinet.net\/wp-content\/uploads\/2024\/04\/rst-pellet-cables-and-cable-trays.jpg\" alt=\"rst pellet cables and cable trays\" title=\"\"><\/figure><\/div>\t\t\t<\/div>\n\t\t\t\t\t\t\t\t\t\t\t\t<div class=\"elementor-swiper-button elementor-swiper-button-prev\" role=\"button\" tabindex=\"0\">\n\t\t\t\t\t\t<svg aria-hidden=\"true\" class=\"e-font-icon-svg e-eicon-chevron-left\" viewbox=\"0 0 1000 1000\" xmlns=\"http:\/\/www.w3.org\/2000\/svg\"><path d=\"M646 125C629 125 613 133 604 142L308 442C296 454 292 471 292 487 292 504 296 521 308 533L604 854C617 867 629 875 646 875 663 875 679 871 692 858 704 846 713 829 713 812 713 796 708 779 692 767L438 487 692 225C700 217 708 204 708 187 708 171 704 154 692 142 675 129 663 125 646 125Z\"><\/path><\/svg>\t\t\t\t\t<\/div>\n\t\t\t\t\t<div class=\"elementor-swiper-button elementor-swiper-button-next\" role=\"button\" tabindex=\"0\">\n\t\t\t\t\t\t<svg aria-hidden=\"true\" class=\"e-font-icon-svg e-eicon-chevron-right\" viewbox=\"0 0 1000 1000\" xmlns=\"http:\/\/www.w3.org\/2000\/svg\"><path d=\"M696 533C708 521 713 504 713 487 713 471 708 454 696 446L400 146C388 133 375 125 354 125 338 125 325 129 313 142 300 154 292 171 292 187 292 204 296 221 308 233L563 492 304 771C292 783 288 800 288 817 288 833 296 850 308 863 321 871 338 875 354 875 371 875 388 867 400 854L696 533Z\"><\/path><\/svg>\t\t\t\t\t<\/div>\n\t\t\t\t\n\t\t\t\t\t\t\t\t\t<div class=\"swiper-pagination\"><\/div>\n\t\t\t\t\t\t\t\t\t<\/div>\n\t\t\t\t\t\t<\/div>\n\t\t\t\t<\/div>\n\t\t\t\t<\/div>\n\t\t\t\t\t<\/div>\n\t\t\t\t<\/div>\n\t\t\t\t<\/div>","protected":false},"excerpt":{"rendered":"<p>RST Pellet Our Scope Of Work Required Plan cable routing and installation of cable trays Power and signal cables routing<\/p>","protected":false},"author":1,"featured_media":0,"parent":25832,"menu_order":0,"comment_status":"closed","ping_status":"closed","template":"","meta":{"footnotes":""},"class_list":["post-25901","page","type-page","status-publish","hentry"],"jetpack_sharing_enabled":true,"_links":{"self":[{"href":"https:\/\/electricalcabinet.net\/pt\/wp-json\/wp\/v2\/pages\/25901","targetHints":{"allow":["GET"]}}],"collection":[{"href":"https:\/\/electricalcabinet.net\/pt\/wp-json\/wp\/v2\/pages"}],"about":[{"href":"https:\/\/electricalcabinet.net\/pt\/wp-json\/wp\/v2\/types\/page"}],"author":[{"embeddable":true,"href":"https:\/\/electricalcabinet.net\/pt\/wp-json\/wp\/v2\/users\/1"}],"replies":[{"embeddable":true,"href":"https:\/\/electricalcabinet.net\/pt\/wp-json\/wp\/v2\/comments?post=25901"}],"version-history":[{"count":10,"href":"https:\/\/electricalcabinet.net\/pt\/wp-json\/wp\/v2\/pages\/25901\/revisions"}],"predecessor-version":[{"id":25921,"href":"https:\/\/electricalcabinet.net\/pt\/wp-json\/wp\/v2\/pages\/25901\/revisions\/25921"}],"up":[{"embeddable":true,"href":"https:\/\/electricalcabinet.net\/pt\/wp-json\/wp\/v2\/pages\/25832"}],"wp:attachment":[{"href":"https:\/\/electricalcabinet.net\/pt\/wp-json\/wp\/v2\/media?parent=25901"}],"curies":[{"name":"wp","href":"https:\/\/api.w.org\/{rel}","templated":true}]}}