{"id":28141,"date":"2024-05-20T07:49:38","date_gmt":"2024-05-20T07:49:38","guid":{"rendered":"https:\/\/electricalcabinet.net\/?page_id=28141"},"modified":"2024-05-20T09:11:40","modified_gmt":"2024-05-20T09:11:40","slug":"aerospace","status":"publish","type":"page","link":"https:\/\/electricalcabinet.net\/fr\/industries\/aerospace\/","title":{"rendered":"A\u00e9rospatiale"},"content":{"rendered":"<div data-elementor-type=\"wp-page\" data-elementor-id=\"28141\" class=\"elementor elementor-28141\" data-elementor-post-type=\"page\">\n\t\t\t\t<div class=\"elementor-element elementor-element-5f0913a9 wd-section-stretch e-flex e-con-boxed e-con e-parent\" data-id=\"5f0913a9\" data-element_type=\"container\" data-e-type=\"container\" data-settings=\"{&quot;background_background&quot;:&quot;classic&quot;}\">\n\t\t\t\t\t<div class=\"e-con-inner\">\n\t\t\t\t<div class=\"elementor-element elementor-element-2b8a7bd1 wd-width-100 elementor-widget elementor-widget-wd_title\" data-id=\"2b8a7bd1\" data-element_type=\"widget\" data-e-type=\"widget\" data-widget_type=\"wd_title.default\">\n\t\t\t\t<div class=\"elementor-widget-container\">\n\t\t\t\t\t\t\t\t<link rel=\"stylesheet\" id=\"wd-section-title-css\" href=\"https:\/\/electricalcabinet.net\/wp-content\/themes\/woodmart\/css\/parts\/el-section-title.min.css?ver=7.5.1\" type=\"text\/css\" media=\"all\" \/> \t\t\t\t\t\t<link rel=\"stylesheet\" id=\"wd-section-title-style-under-and-over-css\" href=\"https:\/\/electricalcabinet.net\/wp-content\/themes\/woodmart\/css\/parts\/el-section-title-style-under-and-over.min.css?ver=7.5.1\" type=\"text\/css\" media=\"all\" \/> \t\t\t\t\t\t<link rel=\"stylesheet\" id=\"wd-mod-highlighted-text-css\" href=\"https:\/\/electricalcabinet.net\/wp-content\/themes\/woodmart\/css\/parts\/mod-highlighted-text.min.css?ver=7.5.1\" type=\"text\/css\" media=\"all\" \/> \t\t\t\t\t<div class=\"title-wrapper set-mb-s reset-last-child wd-title-color-primary wd-title-style-underlined wd-title-size-large text-center\">\n\n\t\t\t\t\t\t\t<div class=\"title-subtitle subtitle-color-primary subtitle-style-default wd-fontsize-xs\">\n\t\t\t\t\tIndustries\t\t\t\t<\/div>\n\t\t\t\n\t\t\t<div class=\"liner-continer\">\n\t\t\t\t<h1 class=\"woodmart-title-container title wd-fontsize-xxl wd-underline-colored\">A\u00e9rospatiale<\/h1> \n\t\t\t\t\t\t\t<\/div>\n\n\t\t\t\t\t<\/div>\n\t\t\t\t\t\t<\/div>\n\t\t\t\t<\/div>\n\t\t\t\t<div class=\"elementor-element elementor-element-7e9b2517 elementor-widget elementor-widget-wd_text_block\" data-id=\"7e9b2517\" data-element_type=\"widget\" data-e-type=\"widget\" data-widget_type=\"wd_text_block.default\">\n\t\t\t\t<div class=\"elementor-widget-container\">\n\t\t\t\t\t\t\t\t<link rel=\"stylesheet\" id=\"wd-text-block-css\" href=\"https:\/\/electricalcabinet.net\/wp-content\/themes\/woodmart\/css\/parts\/el-text-block.min.css?ver=7.5.1\" type=\"text\/css\" media=\"all\" \/> \t\t\t\t\t<div class=\"wd-text-block reset-last-child text-center\">\n\t\t\t\n\t\t\t\n\t\t\t\t\t<\/div>\n\t\t\t\t\t\t<\/div>\n\t\t\t\t<\/div>\n\t\t\t\t\t<\/div>\n\t\t\t\t<\/div>\n\t\t<div class=\"elementor-element elementor-element-57fb8b3e e-flex e-con-boxed e-con e-parent\" data-id=\"57fb8b3e\" data-element_type=\"container\" data-e-type=\"container\">\n\t\t\t\t\t<div class=\"e-con-inner\">\n\t\t<div class=\"elementor-element elementor-element-298ce65 e-con-full e-flex e-con e-child\" data-id=\"298ce65\" data-element_type=\"container\" data-e-type=\"container\">\n\t\t\t\t<div class=\"elementor-element elementor-element-4f461fb9 elementor-arrows-position-inside elementor-widget elementor-widget-image-carousel\" data-id=\"4f461fb9\" data-element_type=\"widget\" data-e-type=\"widget\" data-settings=\"{&quot;slides_to_show&quot;:&quot;1&quot;,&quot;navigation&quot;:&quot;arrows&quot;,&quot;autoplay&quot;:&quot;yes&quot;,&quot;pause_on_hover&quot;:&quot;yes&quot;,&quot;pause_on_interaction&quot;:&quot;yes&quot;,&quot;autoplay_speed&quot;:5000,&quot;infinite&quot;:&quot;yes&quot;,&quot;effect&quot;:&quot;slide&quot;,&quot;speed&quot;:500}\" data-widget_type=\"image-carousel.default\">\n\t\t\t\t<div class=\"elementor-widget-container\">\n\t\t\t\t\t\t\t<div class=\"elementor-image-carousel-wrapper swiper\" role=\"region\" aria-roledescription=\"carousel\" aria-label=\"\u753b\u50cf\u30ab\u30eb\u30fc\u30bb\u30eb\" dir=\"ltr\" data-no-translation-aria-label=\"\">\n\t\t\t<div class=\"elementor-image-carousel swiper-wrapper\" aria-live=\"off\">\n\t\t\t\t\t\t\t\t<div class=\"swiper-slide\" role=\"group\" aria-roledescription=\"slide\" aria-label=\"1\u306e1\" data-no-translation-aria-label=\"\"><figure class=\"swiper-slide-inner\"><img decoding=\"async\" class=\"swiper-slide-image\" src=\"https:\/\/electricalcabinet.net\/wp-content\/uploads\/2024\/05\/3.png\" alt=\"3\" title=\"\"><\/figure><\/div>\t\t\t<\/div>\n\t\t\t\t\t<\/div>\n\t\t\t\t\t\t<\/div>\n\t\t\t\t<\/div>\n\t\t\t\t<\/div>\n\t\t<div class=\"elementor-element elementor-element-1e04dd19 e-con-full e-flex e-con e-child\" data-id=\"1e04dd19\" data-element_type=\"container\" data-e-type=\"container\">\n\t\t\t\t\t<link rel=\"stylesheet\" id=\"wd-mod-animations-keyframes-css\" href=\"https:\/\/electricalcabinet.net\/wp-content\/themes\/woodmart\/css\/parts\/mod-animations-keyframes.min.css?ver=7.5.1\" type=\"text\/css\" media=\"all\" \/> \t\t\t\t\t<div class=\"elementor-element elementor-element-2c8b988d animated-fast wd-width-100 elementor-invisible elementor-widget elementor-widget-wd_title\" data-id=\"2c8b988d\" data-element_type=\"widget\" data-e-type=\"widget\" data-settings=\"{&quot;_animation&quot;:&quot;wd-anim-slide-from-bottom&quot;}\" data-widget_type=\"wd_title.default\">\n\t\t\t\t<div class=\"elementor-widget-container\">\n\t\t\t\t\t\t\t<div class=\"title-wrapper set-mb-s reset-last-child wd-title-color-primary wd-title-style-underlined wd-title-size-large text-left\">\n\n\t\t\t\n\t\t\t<div class=\"liner-continer\">\n\t\t\t\t<h2 class=\"woodmart-title-container title wd-fontsize-xxl wd-underline-colored\">Les contr\u00f4les a\u00e9rospatiaux visent plus haut<\/h2> \n\t\t\t\t\t\t\t<\/div>\n\n\t\t\t\t\t\t\t<div class=\"title-after_title set-cont-mb-s reset-last-child wd-fontsize-s\">\n\t\t\t\t\t<p>ElectricalCabinet est sp\u00e9cialis\u00e9 dans la production d'armoires et de syst\u00e8mes \u00e9lectriques pour l'industrie a\u00e9rospatiale. Nos ing\u00e9nieurs, techniciens et personnel d'assistance qualifi\u00e9s se consacrent \u00e0 fournir \u00e0 nos clients des syst\u00e8mes a\u00e9rospatiaux de haute qualit\u00e9 qui r\u00e9pondent \u00e0 leurs besoins sp\u00e9cifiques. <br \/><br \/>ElectricalCabinet utilise exclusivement des composants et des mat\u00e9riaux de haute qualit\u00e9 pour l'assemblage de ses bo\u00eetiers et syst\u00e8mes \u00e9lectriques. Nous collaborons \u00e9troitement avec nos clients pour garantir que tous les crit\u00e8res sont satisfaits et que le produit final r\u00e9pond \u00e0 leurs besoins particuliers.<\/p>\t\t\t\t<\/div>\n\t\t\t\t\t<\/div>\n\t\t\t\t\t\t<\/div>\n\t\t\t\t<\/div>\n\t\t\t\t<div class=\"elementor-element elementor-element-4f49d00d elementor-align-left elementor-mobile-align-center elementor-widget elementor-widget-button\" data-id=\"4f49d00d\" data-element_type=\"widget\" data-e-type=\"widget\" data-widget_type=\"button.default\">\n\t\t\t\t<div class=\"elementor-widget-container\">\n\t\t\t\t\t\t\t\t\t<div class=\"elementor-button-wrapper\">\n\t\t\t\t\t<a class=\"elementor-button elementor-button-link elementor-size-sm\" href=\"#elementor-action:action=popup:open&settings=eyJpZCI6IjI2NzE4IiwidG9nZ2xlIjpmYWxzZX0=\">\n\t\t\t\t\t\t<span class=\"elementor-button-content-wrapper\">\n\t\t\t\t\t\t\t\t\t<span class=\"elementor-button-text\">Contactez-nous pour plus d'informations<\/span>\n\t\t\t\t\t<\/span>\n\t\t\t\t\t<\/a>\n\t\t\t\t<\/div>\n\t\t\t\t\t\t\t\t<\/div>\n\t\t\t\t<\/div>\n\t\t\t\t<\/div>\n\t\t\t\t\t<\/div>\n\t\t\t\t<\/div>\n\t\t<div class=\"elementor-element elementor-element-66923e2e e-flex e-con-boxed e-con e-parent\" data-id=\"66923e2e\" data-element_type=\"container\" data-e-type=\"container\">\n\t\t\t\t\t<div class=\"e-con-inner\">\n\t\t<div class=\"elementor-element elementor-element-7f5c9789 e-con-full e-flex e-con e-child\" data-id=\"7f5c9789\" data-element_type=\"container\" data-e-type=\"container\">\n\t\t\t\t<div class=\"elementor-element elementor-element-6e5ffc7d animated-fast wd-width-100 elementor-invisible elementor-widget elementor-widget-wd_title\" data-id=\"6e5ffc7d\" data-element_type=\"widget\" data-e-type=\"widget\" data-settings=\"{&quot;_animation&quot;:&quot;wd-anim-slide-from-bottom&quot;}\" data-widget_type=\"wd_title.default\">\n\t\t\t\t<div class=\"elementor-widget-container\">\n\t\t\t\t\t\t\t<div class=\"title-wrapper set-mb-s reset-last-child wd-title-color-primary wd-title-style-underlined wd-title-size-large text-left\">\n\n\t\t\t\n\t\t\t<div class=\"liner-continer\">\n\t\t\t\t<h2 class=\"woodmart-title-container title wd-fontsize-xxl wd-underline-colored\">Applications de syst\u00e8mes personnalis\u00e9s<br \/>\n<\/h2> \n\t\t\t\t\t\t\t<\/div>\n\n\t\t\t\t\t\t\t<div class=\"title-after_title set-cont-mb-s reset-last-child wd-fontsize-s\">\n\t\t\t\t\t<p>La fonctionnalit\u00e9 a\u00e9rospatiale est tr\u00e8s risqu\u00e9e et complexe. Les contr\u00f4les sont l'aspect le plus important pour garantir la fiabilit\u00e9 et la responsabilit\u00e9. Nos panneaux et syst\u00e8mes de contr\u00f4le sont utilis\u00e9s dans un large \u00e9ventail d'applications a\u00e9rospatiales, notamment :<\/p><ul><li>Contr\u00f4le du trafic a\u00e9rien<\/li><li>Avionique<\/li><li>Communication<\/li><li>Contr\u00f4le du moteur<\/li><li>Contr\u00f4le de l'environnement<\/li><li>Contr\u00f4le des vols<\/li><li>Soutien au sol<\/li><li>V\u00e9hicules de lancement<\/li><li>Mesures et essais<\/li><\/ul><ul><li>Contr\u00f4le<\/li><li>Navigation<\/li><li>Gestion de l'\u00e9nergie<\/li><li>Syst\u00e8mes de s\u00e9curit\u00e9<\/li><li>Communication par satellite<\/li><li>Guidage des engins spatiaux<\/li><li>T\u00e9l\u00e9m\u00e9trie<\/li><\/ul>\t\t\t\t<\/div>\n\t\t\t\t\t<\/div>\n\t\t\t\t\t\t<\/div>\n\t\t\t\t<\/div>\n\t\t\t\t<\/div>\n\t\t<div class=\"elementor-element elementor-element-7c272550 e-con-full e-flex e-con e-child\" data-id=\"7c272550\" data-element_type=\"container\" data-e-type=\"container\">\n\t\t\t\t<div class=\"elementor-element elementor-element-55cabdfa elementor-arrows-position-inside elementor-widget elementor-widget-image-carousel\" data-id=\"55cabdfa\" data-element_type=\"widget\" data-e-type=\"widget\" data-settings=\"{&quot;slides_to_show&quot;:&quot;1&quot;,&quot;navigation&quot;:&quot;arrows&quot;,&quot;autoplay&quot;:&quot;yes&quot;,&quot;pause_on_hover&quot;:&quot;yes&quot;,&quot;pause_on_interaction&quot;:&quot;yes&quot;,&quot;autoplay_speed&quot;:5000,&quot;infinite&quot;:&quot;yes&quot;,&quot;effect&quot;:&quot;slide&quot;,&quot;speed&quot;:500}\" data-widget_type=\"image-carousel.default\">\n\t\t\t\t<div class=\"elementor-widget-container\">\n\t\t\t\t\t\t\t<div class=\"elementor-image-carousel-wrapper swiper\" role=\"region\" aria-roledescription=\"carousel\" aria-label=\"\u753b\u50cf\u30ab\u30eb\u30fc\u30bb\u30eb\" dir=\"ltr\" data-no-translation-aria-label=\"\">\n\t\t\t<div class=\"elementor-image-carousel swiper-wrapper\" aria-live=\"off\">\n\t\t\t\t\t\t\t\t<div class=\"swiper-slide\" role=\"group\" aria-roledescription=\"slide\" aria-label=\"1\u306e1\" data-no-translation-aria-label=\"\"><figure class=\"swiper-slide-inner\"><img decoding=\"async\" class=\"swiper-slide-image\" src=\"https:\/\/electricalcabinet.net\/wp-content\/uploads\/2024\/05\/2.png\" alt=\"2\" title=\"\"><\/figure><\/div>\t\t\t<\/div>\n\t\t\t\t\t<\/div>\n\t\t\t\t\t\t<\/div>\n\t\t\t\t<\/div>\n\t\t\t\t<\/div>\n\t\t\t\t\t<\/div>\n\t\t\t\t<\/div>\n\t\t\t\t<\/div>","protected":false},"excerpt":{"rendered":"<p>Industries Aerospace Aerospace Controls Aim Higher ElectricalCabinet specializes in producing specialized electrical enclosures and systems for the aerospace industry. Our<\/p>","protected":false},"author":1,"featured_media":0,"parent":27449,"menu_order":0,"comment_status":"closed","ping_status":"closed","template":"","meta":{"footnotes":""},"class_list":["post-28141","page","type-page","status-publish","hentry"],"jetpack_sharing_enabled":true,"_links":{"self":[{"href":"https:\/\/electricalcabinet.net\/fr\/wp-json\/wp\/v2\/pages\/28141","targetHints":{"allow":["GET"]}}],"collection":[{"href":"https:\/\/electricalcabinet.net\/fr\/wp-json\/wp\/v2\/pages"}],"about":[{"href":"https:\/\/electricalcabinet.net\/fr\/wp-json\/wp\/v2\/types\/page"}],"author":[{"embeddable":true,"href":"https:\/\/electricalcabinet.net\/fr\/wp-json\/wp\/v2\/users\/1"}],"replies":[{"embeddable":true,"href":"https:\/\/electricalcabinet.net\/fr\/wp-json\/wp\/v2\/comments?post=28141"}],"version-history":[{"count":10,"href":"https:\/\/electricalcabinet.net\/fr\/wp-json\/wp\/v2\/pages\/28141\/revisions"}],"predecessor-version":[{"id":28175,"href":"https:\/\/electricalcabinet.net\/fr\/wp-json\/wp\/v2\/pages\/28141\/revisions\/28175"}],"up":[{"embeddable":true,"href":"https:\/\/electricalcabinet.net\/fr\/wp-json\/wp\/v2\/pages\/27449"}],"wp:attachment":[{"href":"https:\/\/electricalcabinet.net\/fr\/wp-json\/wp\/v2\/media?parent=28141"}],"curies":[{"name":"wp","href":"https:\/\/api.w.org\/{rel}","templated":true}]}}